{"id":332,"date":"2021-09-20T18:05:39","date_gmt":"2021-09-20T16:05:39","guid":{"rendered":"https:\/\/pansion-skalinada.com\/?page_id=332"},"modified":"2021-09-23T12:56:14","modified_gmt":"2021-09-23T10:56:14","slug":"lokva-rogoznica","status":"publish","type":"page","link":"https:\/\/pansion-skalinada.com\/pl\/lokva-rogoznica\/","title":{"rendered":"Lokva Rogoznica"},"content":{"rendered":"\t\t<div data-elementor-type=\"wp-page\" data-elementor-id=\"332\" class=\"elementor elementor-332\">\n\t\t\t\t\t\t\t\t\t<section class=\"elementor-section elementor-top-section elementor-element elementor-element-16b72c0 elementor-section-boxed elementor-section-height-default elementor-section-height-default\" data-id=\"16b72c0\" data-element_type=\"section\" data-settings=\"{&quot;background_background&quot;:&quot;classic&quot;}\">\n\t\t\t\t\t\t\t<div class=\"elementor-background-overlay\"><\/div>\n\t\t\t\t\t\t\t<div class=\"elementor-container elementor-column-gap-no\">\n\t\t\t\t\t<div class=\"elementor-column elementor-col-50 elementor-top-column elementor-element elementor-element-2c1bc93d\" data-id=\"2c1bc93d\" data-element_type=\"column\" data-settings=\"{&quot;background_background&quot;:&quot;classic&quot;}\">\n\t\t\t<div class=\"elementor-widget-wrap elementor-element-populated\">\n\t\t\t\t\t\t\t\t<div class=\"elementor-element elementor-element-7a91565f elementor-widget elementor-widget-heading\" data-id=\"7a91565f\" data-element_type=\"widget\" data-widget_type=\"heading.default\">\n\t\t\t\t<div class=\"elementor-widget-container\">\n\t\t\t<style>\/*! elementor - v3.8.0 - 30-10-2022 *\/\n.elementor-heading-title{padding:0;margin:0;line-height:1}.elementor-widget-heading .elementor-heading-title[class*=elementor-size-]>a{color:inherit;font-size:inherit;line-height:inherit}.elementor-widget-heading .elementor-heading-title.elementor-size-small{font-size:15px}.elementor-widget-heading .elementor-heading-title.elementor-size-medium{font-size:19px}.elementor-widget-heading .elementor-heading-title.elementor-size-large{font-size:29px}.elementor-widget-heading .elementor-heading-title.elementor-size-xl{font-size:39px}.elementor-widget-heading .elementor-heading-title.elementor-size-xxl{font-size:59px}<\/style><h2 class=\"elementor-heading-title elementor-size-default\">Lokva Rogoznica<\/h2>\t\t<\/div>\n\t\t\t\t<\/div>\n\t\t\t\t<div class=\"elementor-element elementor-element-76c5bb65 elementor-widget elementor-widget-text-editor\" data-id=\"76c5bb65\" data-element_type=\"widget\" data-widget_type=\"text-editor.default\">\n\t\t\t\t<div class=\"elementor-widget-container\">\n\t\t\t<style>\/*! elementor - v3.8.0 - 30-10-2022 *\/\n.elementor-widget-text-editor.elementor-drop-cap-view-stacked .elementor-drop-cap{background-color:#818a91;color:#fff}.elementor-widget-text-editor.elementor-drop-cap-view-framed .elementor-drop-cap{color:#818a91;border:3px solid;background-color:transparent}.elementor-widget-text-editor:not(.elementor-drop-cap-view-default) .elementor-drop-cap{margin-top:8px}.elementor-widget-text-editor:not(.elementor-drop-cap-view-default) .elementor-drop-cap-letter{width:1em;height:1em}.elementor-widget-text-editor .elementor-drop-cap{float:left;text-align:center;line-height:1;font-size:50px}.elementor-widget-text-editor .elementor-drop-cap-letter{display:inline-block}<\/style>\t\t\t\t<p>Jest to idealna miejsce na rodzinne wakacji ze wzgl\u0119du na pi\u0119kne pla\u017ce, spok\u00f3j i wy\u015bmienit\u0105 ofert\u0119 gastronomiczn\u0105.<\/p>\t\t\t\t\t\t<\/div>\n\t\t\t\t<\/div>\n\t\t\t\t\t<\/div>\n\t\t<\/div>\n\t\t\t\t<div class=\"elementor-column elementor-col-50 elementor-top-column elementor-element elementor-element-2f93e4a\" data-id=\"2f93e4a\" data-element_type=\"column\">\n\t\t\t<div class=\"elementor-widget-wrap\">\n\t\t\t\t\t\t\t\t\t<\/div>\n\t\t<\/div>\n\t\t\t\t\t\t\t<\/div>\n\t\t<\/section>\n\t\t\t\t<section class=\"elementor-section elementor-top-section elementor-element elementor-element-5a7e1afd elementor-section-content-middle elementor-section-boxed elementor-section-height-default elementor-section-height-default\" data-id=\"5a7e1afd\" data-element_type=\"section\" data-settings=\"{&quot;shape_divider_top&quot;:&quot;split&quot;}\">\n\t\t\t\t\t<div class=\"elementor-shape elementor-shape-top\" data-negative=\"false\">\n\t\t\t<svg xmlns=\"http:\/\/www.w3.org\/2000\/svg\" viewBox=\"0 0 1000 20\" preserveAspectRatio=\"none\">\n\t<path class=\"elementor-shape-fill\" d=\"M0,0v3c0,0,393.8,0,483.4,0c9.2,0,16.6,7.4,16.6,16.6c0-9.1,7.4-16.6,16.6-16.6C606.2,3,1000,3,1000,3V0H0z\"\/>\n<\/svg>\t\t<\/div>\n\t\t\t\t\t<div class=\"elementor-container elementor-column-gap-no\">\n\t\t\t\t\t<div class=\"elementor-column elementor-col-50 elementor-top-column elementor-element elementor-element-c6843e9\" data-id=\"c6843e9\" data-element_type=\"column\">\n\t\t\t<div class=\"elementor-widget-wrap elementor-element-populated\">\n\t\t\t\t\t\t\t\t<div class=\"elementor-element elementor-element-2f2020d1 elementor-widget elementor-widget-text-editor\" data-id=\"2f2020d1\" data-element_type=\"widget\" data-widget_type=\"text-editor.default\">\n\t\t\t\t<div class=\"elementor-widget-container\">\n\t\t\t\t\t\t\t<p>Lokva Rogoznica znajduje si\u0119 na jednej z najlepszych lokacji w Dalmacji.<\/p><p>Niedaleko od Omi\u0161u, Makarskiej i Splitu oznacza, \u017ce mo\u017cesz zwiedzi\u0107 te miasta i wr\u00f3ci\u0107 do spokojnej Lokva Rogoznicy, aby odpr\u0119\u017cy\u0107 dusz\u0119 i cia\u0142o. <\/p><p>Opr\u00f3cz blisko\u015bci miast, Lokva Rogoznica jest popularna dzi\u0119ki mn\u00f3stwie r\u00f3\u017cnych atrakcji przyrodniczych kt\u00f3re j\u0105 otaczaj\u0105. <\/p>\t\t\t\t\t\t<\/div>\n\t\t\t\t<\/div>\n\t\t\t\t\t<\/div>\n\t\t<\/div>\n\t\t\t\t<div class=\"elementor-column elementor-col-50 elementor-top-column elementor-element elementor-element-450c4d5b\" data-id=\"450c4d5b\" data-element_type=\"column\">\n\t\t\t<div class=\"elementor-widget-wrap elementor-element-populated\">\n\t\t\t\t\t\t\t\t<div class=\"elementor-element elementor-element-4ab3fcb6 elementor-widget elementor-widget-image\" data-id=\"4ab3fcb6\" data-element_type=\"widget\" data-widget_type=\"image.default\">\n\t\t\t\t<div class=\"elementor-widget-container\">\n\t\t\t<style>\/*! elementor - v3.8.0 - 30-10-2022 *\/\n.elementor-widget-image{text-align:center}.elementor-widget-image a{display:inline-block}.elementor-widget-image a img[src$=\".svg\"]{width:48px}.elementor-widget-image img{vertical-align:middle;display:inline-block}<\/style>\t\t\t\t\t\t\t\t\t\t\t\t\t<a href=\"https:\/\/pansion-skalinada.com\/pl\/wp-content\/uploads\/2021\/09\/lokva1.jpg\" data-elementor-open-lightbox=\"yes\" data-elementor-lightbox-title=\"lokva1\" e-action-hash=\"#elementor-action%3Aaction%3Dlightbox%26settings%3DeyJpZCI6MTMxLCJ1cmwiOiJodHRwczpcL1wvcGFuc2lvbi1za2FsaW5hZGEuY29tXC9wbFwvd3AtY29udGVudFwvdXBsb2Fkc1wvMjAyMVwvMDlcL2xva3ZhMS5qcGcifQ%3D%3D\">\n\t\t\t\t\t\t\t<img loading=\"lazy\" decoding=\"async\" width=\"800\" height=\"600\" src=\"https:\/\/pansion-skalinada.com\/pl\/wp-content\/uploads\/2021\/09\/lokva1.jpg\" class=\"attachment-full size-full\" alt=\"\" srcset=\"https:\/\/pansion-skalinada.com\/pl\/wp-content\/uploads\/2021\/09\/lokva1.jpg 800w, https:\/\/pansion-skalinada.com\/pl\/wp-content\/uploads\/2021\/09\/lokva1-300x225.jpg 300w, https:\/\/pansion-skalinada.com\/pl\/wp-content\/uploads\/2021\/09\/lokva1-768x576.jpg 768w\" sizes=\"auto, (max-width: 800px) 100vw, 800px\" \/>\t\t\t\t\t\t\t\t<\/a>\n\t\t\t\t\t\t\t\t\t\t\t\t\t\t\t<\/div>\n\t\t\t\t<\/div>\n\t\t\t\t\t<\/div>\n\t\t<\/div>\n\t\t\t\t\t\t\t<\/div>\n\t\t<\/section>\n\t\t\t\t<section class=\"elementor-section elementor-top-section elementor-element elementor-element-65b00b07 elementor-section-content-middle elementor-reverse-mobile elementor-section-boxed elementor-section-height-default elementor-section-height-default\" data-id=\"65b00b07\" data-element_type=\"section\" data-settings=\"{&quot;shape_divider_top&quot;:&quot;split&quot;}\">\n\t\t\t\t\t<div class=\"elementor-shape elementor-shape-top\" data-negative=\"false\">\n\t\t\t<svg xmlns=\"http:\/\/www.w3.org\/2000\/svg\" viewBox=\"0 0 1000 20\" preserveAspectRatio=\"none\">\n\t<path class=\"elementor-shape-fill\" d=\"M0,0v3c0,0,393.8,0,483.4,0c9.2,0,16.6,7.4,16.6,16.6c0-9.1,7.4-16.6,16.6-16.6C606.2,3,1000,3,1000,3V0H0z\"\/>\n<\/svg>\t\t<\/div>\n\t\t\t\t\t<div class=\"elementor-container elementor-column-gap-no\">\n\t\t\t\t\t<div class=\"elementor-column elementor-col-50 elementor-top-column elementor-element elementor-element-5ccddd44\" data-id=\"5ccddd44\" data-element_type=\"column\">\n\t\t\t<div class=\"elementor-widget-wrap elementor-element-populated\">\n\t\t\t\t\t\t\t\t<div class=\"elementor-element elementor-element-8ca1f23 elementor-widget elementor-widget-image\" data-id=\"8ca1f23\" data-element_type=\"widget\" data-widget_type=\"image.default\">\n\t\t\t\t<div class=\"elementor-widget-container\">\n\t\t\t\t\t\t\t\t\t\t\t\t\t\t\t\t<a href=\"https:\/\/pansion-skalinada.com\/pl\/wp-content\/uploads\/2021\/09\/lokva6.jpg\" data-elementor-open-lightbox=\"yes\" data-elementor-lightbox-title=\"lokva6\" e-action-hash=\"#elementor-action%3Aaction%3Dlightbox%26settings%3DeyJpZCI6MTM2LCJ1cmwiOiJodHRwczpcL1wvcGFuc2lvbi1za2FsaW5hZGEuY29tXC9wbFwvd3AtY29udGVudFwvdXBsb2Fkc1wvMjAyMVwvMDlcL2xva3ZhNi5qcGcifQ%3D%3D\">\n\t\t\t\t\t\t\t<img loading=\"lazy\" decoding=\"async\" width=\"800\" height=\"600\" src=\"https:\/\/pansion-skalinada.com\/pl\/wp-content\/uploads\/2021\/09\/lokva6.jpg\" class=\"attachment-full size-full\" alt=\"\" srcset=\"https:\/\/pansion-skalinada.com\/pl\/wp-content\/uploads\/2021\/09\/lokva6.jpg 800w, https:\/\/pansion-skalinada.com\/pl\/wp-content\/uploads\/2021\/09\/lokva6-300x225.jpg 300w, https:\/\/pansion-skalinada.com\/pl\/wp-content\/uploads\/2021\/09\/lokva6-768x576.jpg 768w\" sizes=\"auto, (max-width: 800px) 100vw, 800px\" \/>\t\t\t\t\t\t\t\t<\/a>\n\t\t\t\t\t\t\t\t\t\t\t\t\t\t\t<\/div>\n\t\t\t\t<\/div>\n\t\t\t\t\t<\/div>\n\t\t<\/div>\n\t\t\t\t<div class=\"elementor-column elementor-col-50 elementor-top-column elementor-element elementor-element-d13b8b0\" data-id=\"d13b8b0\" data-element_type=\"column\">\n\t\t\t<div class=\"elementor-widget-wrap elementor-element-populated\">\n\t\t\t\t\t\t\t\t<div class=\"elementor-element elementor-element-7a957deb elementor-widget elementor-widget-text-editor\" data-id=\"7a957deb\" data-element_type=\"widget\" data-widget_type=\"text-editor.default\">\n\t\t\t\t<div class=\"elementor-widget-container\">\n\t\t\t\t\t\t\t<p>Z naszego tarasu i apartament\u00f3w wida\u0107 morze, a od tylu podnosi si\u0119 g\u00f3ra Omi\u0161ka Dinara. Tylko 9 km od pensjonatu p\u0142ynie wspania\u0142a <strong>rzeka Cetina<\/strong>, kt\u00f3ra uchodzi do morza w romantycznym Omi\u0161u. <\/p><p><strong>Biokovo<\/strong>, pot\u0119\u017cna g\u00f3ra nad Riwier\u0105 Makarsk\u0105, pe\u0142na jest ciekawych miejsc, kt\u00f3re mo\u017cna zwiedza\u0107 z rodzin\u0105. Tunel \u015awi\u0119tego Eliasza umo\u017cliwia szybki przejazd z obszaru morskiego do obszaru g\u00f3rskiego. <\/p><p>Ale nie my\u015bl, \u017ce musisz opuszcza\u0107 Lokva Rogoznic\u0119 aby stworzy\u0107 wspomnienia.<\/p>\t\t\t\t\t\t<\/div>\n\t\t\t\t<\/div>\n\t\t\t\t\t<\/div>\n\t\t<\/div>\n\t\t\t\t\t\t\t<\/div>\n\t\t<\/section>\n\t\t\t\t<section class=\"elementor-section elementor-top-section elementor-element elementor-element-27ce352a elementor-section-content-middle elementor-section-boxed elementor-section-height-default elementor-section-height-default\" data-id=\"27ce352a\" data-element_type=\"section\" data-settings=\"{&quot;shape_divider_top&quot;:&quot;split&quot;}\">\n\t\t\t\t\t<div class=\"elementor-shape elementor-shape-top\" data-negative=\"false\">\n\t\t\t<svg xmlns=\"http:\/\/www.w3.org\/2000\/svg\" viewBox=\"0 0 1000 20\" preserveAspectRatio=\"none\">\n\t<path class=\"elementor-shape-fill\" d=\"M0,0v3c0,0,393.8,0,483.4,0c9.2,0,16.6,7.4,16.6,16.6c0-9.1,7.4-16.6,16.6-16.6C606.2,3,1000,3,1000,3V0H0z\"\/>\n<\/svg>\t\t<\/div>\n\t\t\t\t\t<div class=\"elementor-container elementor-column-gap-no\">\n\t\t\t\t\t<div class=\"elementor-column elementor-col-50 elementor-top-column elementor-element elementor-element-73177ad3\" data-id=\"73177ad3\" data-element_type=\"column\">\n\t\t\t<div class=\"elementor-widget-wrap elementor-element-populated\">\n\t\t\t\t\t\t\t\t<div class=\"elementor-element elementor-element-17964d2e elementor-widget elementor-widget-text-editor\" data-id=\"17964d2e\" data-element_type=\"widget\" data-widget_type=\"text-editor.default\">\n\t\t\t\t<div class=\"elementor-widget-container\">\n\t\t\t\t\t\t\t<p>Przepi\u0119kne pla\u017ce Ruskamen i Artina zachwyc\u0105 Ci\u0119 <strong>czystym morzem<\/strong> i <strong>drobnym \u017cwirem<\/strong>. Niech si\u0119 twoje dzieci bawi\u0105 i zyskaj\u0105 wspomnienia na ca\u0142e \u017cycie. <strong>A Ty ich obserwuj z pla\u017cy i b\u0105d\u017a dumny ze im zapewni\u0142e\u015b takie do\u015bwiadczenie.<\/strong><\/p><p>Je\u015bli chcesz je ca\u0142kowicie oczarowa\u0107, zabierz je na spacer po Omi\u0161kiej Dinarze. Popro\u015b kogo\u015b o zdj\u0119cie, aby Twoja rodzina <strong>mia\u0142a fotografie z wakacji, kt\u00f3ra zechcesz postawi\u0107 na lod\u00f3wk\u0119.<\/strong><\/p>\t\t\t\t\t\t<\/div>\n\t\t\t\t<\/div>\n\t\t\t\t\t<\/div>\n\t\t<\/div>\n\t\t\t\t<div class=\"elementor-column elementor-col-50 elementor-top-column elementor-element elementor-element-1ec9027f\" data-id=\"1ec9027f\" data-element_type=\"column\">\n\t\t\t<div class=\"elementor-widget-wrap elementor-element-populated\">\n\t\t\t\t\t\t\t\t<div class=\"elementor-element elementor-element-67ce25bc elementor-widget elementor-widget-image\" data-id=\"67ce25bc\" data-element_type=\"widget\" data-widget_type=\"image.default\">\n\t\t\t\t<div class=\"elementor-widget-container\">\n\t\t\t\t\t\t\t\t\t\t\t\t\t\t\t\t<a href=\"https:\/\/pansion-skalinada.com\/pl\/wp-content\/uploads\/2021\/09\/lokva7.jpg\" data-elementor-open-lightbox=\"yes\" data-elementor-lightbox-title=\"lokva7\" e-action-hash=\"#elementor-action%3Aaction%3Dlightbox%26settings%3DeyJpZCI6MTM3LCJ1cmwiOiJodHRwczpcL1wvcGFuc2lvbi1za2FsaW5hZGEuY29tXC9wbFwvd3AtY29udGVudFwvdXBsb2Fkc1wvMjAyMVwvMDlcL2xva3ZhNy5qcGcifQ%3D%3D\">\n\t\t\t\t\t\t\t<img loading=\"lazy\" decoding=\"async\" width=\"800\" height=\"600\" src=\"https:\/\/pansion-skalinada.com\/pl\/wp-content\/uploads\/2021\/09\/lokva7.jpg\" class=\"attachment-full size-full\" alt=\"\" srcset=\"https:\/\/pansion-skalinada.com\/pl\/wp-content\/uploads\/2021\/09\/lokva7.jpg 800w, https:\/\/pansion-skalinada.com\/pl\/wp-content\/uploads\/2021\/09\/lokva7-300x225.jpg 300w, https:\/\/pansion-skalinada.com\/pl\/wp-content\/uploads\/2021\/09\/lokva7-768x576.jpg 768w\" sizes=\"auto, (max-width: 800px) 100vw, 800px\" \/>\t\t\t\t\t\t\t\t<\/a>\n\t\t\t\t\t\t\t\t\t\t\t\t\t\t\t<\/div>\n\t\t\t\t<\/div>\n\t\t\t\t\t<\/div>\n\t\t<\/div>\n\t\t\t\t\t\t\t<\/div>\n\t\t<\/section>\n\t\t\t\t<section class=\"elementor-section elementor-top-section elementor-element elementor-element-61947ff8 elementor-section-content-middle elementor-reverse-mobile elementor-section-boxed elementor-section-height-default elementor-section-height-default\" data-id=\"61947ff8\" data-element_type=\"section\" data-settings=\"{&quot;shape_divider_top&quot;:&quot;split&quot;}\">\n\t\t\t\t\t<div class=\"elementor-shape elementor-shape-top\" data-negative=\"false\">\n\t\t\t<svg xmlns=\"http:\/\/www.w3.org\/2000\/svg\" viewBox=\"0 0 1000 20\" preserveAspectRatio=\"none\">\n\t<path class=\"elementor-shape-fill\" d=\"M0,0v3c0,0,393.8,0,483.4,0c9.2,0,16.6,7.4,16.6,16.6c0-9.1,7.4-16.6,16.6-16.6C606.2,3,1000,3,1000,3V0H0z\"\/>\n<\/svg>\t\t<\/div>\n\t\t\t\t\t<div class=\"elementor-container elementor-column-gap-no\">\n\t\t\t\t\t<div class=\"elementor-column elementor-col-50 elementor-top-column elementor-element elementor-element-3f2cdd5\" data-id=\"3f2cdd5\" data-element_type=\"column\">\n\t\t\t<div class=\"elementor-widget-wrap elementor-element-populated\">\n\t\t\t\t\t\t\t\t<div class=\"elementor-element elementor-element-6fcf2284 elementor-widget elementor-widget-image\" data-id=\"6fcf2284\" data-element_type=\"widget\" data-widget_type=\"image.default\">\n\t\t\t\t<div class=\"elementor-widget-container\">\n\t\t\t\t\t\t\t\t\t\t\t\t\t\t\t\t<a href=\"https:\/\/pansion-skalinada.com\/pl\/wp-content\/uploads\/2021\/09\/plaza2.jpg\" data-elementor-open-lightbox=\"yes\" data-elementor-lightbox-title=\"plaza2\" e-action-hash=\"#elementor-action%3Aaction%3Dlightbox%26settings%3DeyJpZCI6MTYwLCJ1cmwiOiJodHRwczpcL1wvcGFuc2lvbi1za2FsaW5hZGEuY29tXC9wbFwvd3AtY29udGVudFwvdXBsb2Fkc1wvMjAyMVwvMDlcL3BsYXphMi5qcGcifQ%3D%3D\">\n\t\t\t\t\t\t\t<img loading=\"lazy\" decoding=\"async\" width=\"800\" height=\"533\" src=\"https:\/\/pansion-skalinada.com\/pl\/wp-content\/uploads\/2021\/09\/plaza2.jpg\" class=\"attachment-full size-full\" alt=\"\" srcset=\"https:\/\/pansion-skalinada.com\/pl\/wp-content\/uploads\/2021\/09\/plaza2.jpg 800w, https:\/\/pansion-skalinada.com\/pl\/wp-content\/uploads\/2021\/09\/plaza2-300x200.jpg 300w, https:\/\/pansion-skalinada.com\/pl\/wp-content\/uploads\/2021\/09\/plaza2-768x512.jpg 768w\" sizes=\"auto, (max-width: 800px) 100vw, 800px\" \/>\t\t\t\t\t\t\t\t<\/a>\n\t\t\t\t\t\t\t\t\t\t\t\t\t\t\t<\/div>\n\t\t\t\t<\/div>\n\t\t\t\t\t<\/div>\n\t\t<\/div>\n\t\t\t\t<div class=\"elementor-column elementor-col-50 elementor-top-column elementor-element elementor-element-6b8685c7\" data-id=\"6b8685c7\" data-element_type=\"column\">\n\t\t\t<div class=\"elementor-widget-wrap elementor-element-populated\">\n\t\t\t\t\t\t\t\t<div class=\"elementor-element elementor-element-59a3820f elementor-widget elementor-widget-text-editor\" data-id=\"59a3820f\" data-element_type=\"widget\" data-widget_type=\"text-editor.default\">\n\t\t\t\t<div class=\"elementor-widget-container\">\n\t\t\t\t\t\t\t<p>Widok z tarasu restauracji Skalinada jest cudowny, ale widok ze wzg\u00f3rza nad Skaliand\u0105 jest jednym z najpi\u0119kniejszych jakie kiedykolwiek zobaczysz. <\/p><p>Watro po\u015bwi\u0119ci\u0107 jeden dzie\u0144 na zwiedzanie miejscowo\u015bci Lokva Rogoznica. Ponad 700 lat d\u0142ugiej tradycji wpisane jest w kamieniu naszej ma\u0142ej miejscowo\u015bci, kt\u00f3ra liczy zaledwie 300 mieszka\u0144c\u00f3w.<\/p><p>Porozmawiaj z mieszka\u0144cami, kt\u00f3rzy z dum\u0105 opowiedz\u0105 Ci o d\u0142ugiej tradycji produkcji wina i wydobywania piasku z morza. Zanim Lokva Rogoznica sta\u0142a si\u0119 ulubionym miejscem wypoczynku rodzinnego, przez wieki by\u0142a powszechnie znana z wina i piasku. Piasku ju\u017c si\u0119 nie wydobywa w stary spos\u00f3b, ale wino domowe nadal jest produkowane, aby jak najbardziej os\u0142odzi\u0142o nasz\u0105 s\u0142odk\u0105 Lokva Rogoznie. <\/p>\t\t\t\t\t\t<\/div>\n\t\t\t\t<\/div>\n\t\t\t\t\t<\/div>\n\t\t<\/div>\n\t\t\t\t\t\t\t<\/div>\n\t\t<\/section>\n\t\t\t\t\t\t\t<\/div>\n\t\t","protected":false},"excerpt":{"rendered":"<p>Lokva Rogoznica Jest to idealna miejsce na rodzinne wakacji ze wzgl\u0119du na pi\u0119kne pla\u017ce, spok\u00f3j i wy\u015bmienit\u0105 ofert\u0119 gastronomiczn\u0105. Lokva Rogoznica znajduje si\u0119 na jednej z najlepszych lokacji w Dalmacji. Niedaleko od Omi\u0161u, Makarskiej i Splitu oznacza, \u017ce mo\u017cesz zwiedzi\u0107 te miasta i wr\u00f3ci\u0107 do spokojnej Lokva Rogoznicy, aby odpr\u0119\u017cy\u0107 dusz\u0119 i cia\u0142o. Opr\u00f3cz blisko\u015bci [&hellip;]<\/p>\n","protected":false},"author":1,"featured_media":0,"parent":0,"menu_order":0,"comment_status":"closed","ping_status":"closed","template":"","meta":{"footnotes":""},"class_list":["post-332","page","type-page","status-publish","hentry"],"yoast_head":"<!-- This site is optimized with the Yoast SEO plugin v19.9 - https:\/\/yoast.com\/wordpress\/plugins\/seo\/ -->\n<title>Lokva Rogoznica - Pansion Skalinada<\/title>\n<meta name=\"description\" content=\"Lokva Rogoznica smjestila se na jednom od najzahvalnijih polo\u017eaja u Dalmaciji. Lokva Rogoznica popularnost mo\u017ee zahvaliti brojnim i raznolikim prirodnim atrakcijama koje je okru\u017euju.\" \/>\n<meta name=\"robots\" content=\"index, follow, max-snippet:-1, max-image-preview:large, max-video-preview:-1\" \/>\n<link rel=\"canonical\" href=\"https:\/\/pansion-skalinada.com\/pl\/lokva-rogoznica\/\" \/>\n<meta property=\"og:locale\" content=\"hr_HR\" \/>\n<meta property=\"og:type\" content=\"article\" \/>\n<meta property=\"og:title\" content=\"Lokva Rogoznica - Pansion Skalinada\" \/>\n<meta property=\"og:description\" content=\"Lokva Rogoznica smjestila se na jednom od najzahvalnijih polo\u017eaja u Dalmaciji. Lokva Rogoznica popularnost mo\u017ee zahvaliti brojnim i raznolikim prirodnim atrakcijama koje je okru\u017euju.\" \/>\n<meta property=\"og:url\" content=\"https:\/\/pansion-skalinada.com\/pl\/lokva-rogoznica\/\" \/>\n<meta property=\"og:site_name\" content=\"Pansion Skalinada\" \/>\n<meta property=\"article:modified_time\" content=\"2021-09-23T10:56:14+00:00\" \/>\n<meta property=\"og:image\" content=\"https:\/\/pansion-skalinada.com\/pl\/wp-content\/uploads\/2021\/09\/lokva1.jpg\" \/>\n<meta name=\"twitter:card\" content=\"summary_large_image\" \/>\n<meta name=\"twitter:label1\" content=\"Procijenjeno vrijeme \u010ditanja\" \/>\n\t<meta name=\"twitter:data1\" content=\"3 minute\" \/>\n<script type=\"application\/ld+json\" class=\"yoast-schema-graph\">{\"@context\":\"https:\/\/schema.org\",\"@graph\":[{\"@type\":\"WebPage\",\"@id\":\"https:\/\/pansion-skalinada.com\/pl\/lokva-rogoznica\/\",\"url\":\"https:\/\/pansion-skalinada.com\/pl\/lokva-rogoznica\/\",\"name\":\"Lokva Rogoznica - Pansion Skalinada\",\"isPartOf\":{\"@id\":\"https:\/\/pansion-skalinada.com\/pl\/#website\"},\"datePublished\":\"2021-09-20T16:05:39+00:00\",\"dateModified\":\"2021-09-23T10:56:14+00:00\",\"description\":\"Lokva Rogoznica smjestila se na jednom od najzahvalnijih polo\u017eaja u Dalmaciji. Lokva Rogoznica popularnost mo\u017ee zahvaliti brojnim i raznolikim prirodnim atrakcijama koje je okru\u017euju.\",\"breadcrumb\":{\"@id\":\"https:\/\/pansion-skalinada.com\/pl\/lokva-rogoznica\/#breadcrumb\"},\"inLanguage\":\"hr\",\"potentialAction\":[{\"@type\":\"ReadAction\",\"target\":[\"https:\/\/pansion-skalinada.com\/pl\/lokva-rogoznica\/\"]}]},{\"@type\":\"BreadcrumbList\",\"@id\":\"https:\/\/pansion-skalinada.com\/pl\/lokva-rogoznica\/#breadcrumb\",\"itemListElement\":[{\"@type\":\"ListItem\",\"position\":1,\"name\":\"Po\u010detna stranica\",\"item\":\"https:\/\/pansion-skalinada.com\/pl\/\"},{\"@type\":\"ListItem\",\"position\":2,\"name\":\"Lokva Rogoznica\"}]},{\"@type\":\"WebSite\",\"@id\":\"https:\/\/pansion-skalinada.com\/pl\/#website\",\"url\":\"https:\/\/pansion-skalinada.com\/pl\/\",\"name\":\"Pansion Skalinada\",\"description\":\"\",\"potentialAction\":[{\"@type\":\"SearchAction\",\"target\":{\"@type\":\"EntryPoint\",\"urlTemplate\":\"https:\/\/pansion-skalinada.com\/pl\/?s={search_term_string}\"},\"query-input\":\"required name=search_term_string\"}],\"inLanguage\":\"hr\"}]}<\/script>\n<!-- \/ Yoast SEO plugin. -->","yoast_head_json":{"title":"Lokva Rogoznica - Pansion Skalinada","description":"Lokva Rogoznica smjestila se na jednom od najzahvalnijih polo\u017eaja u Dalmaciji. Lokva Rogoznica popularnost mo\u017ee zahvaliti brojnim i raznolikim prirodnim atrakcijama koje je okru\u017euju.","robots":{"index":"index","follow":"follow","max-snippet":"max-snippet:-1","max-image-preview":"max-image-preview:large","max-video-preview":"max-video-preview:-1"},"canonical":"https:\/\/pansion-skalinada.com\/pl\/lokva-rogoznica\/","og_locale":"hr_HR","og_type":"article","og_title":"Lokva Rogoznica - Pansion Skalinada","og_description":"Lokva Rogoznica smjestila se na jednom od najzahvalnijih polo\u017eaja u Dalmaciji. Lokva Rogoznica popularnost mo\u017ee zahvaliti brojnim i raznolikim prirodnim atrakcijama koje je okru\u017euju.","og_url":"https:\/\/pansion-skalinada.com\/pl\/lokva-rogoznica\/","og_site_name":"Pansion Skalinada","article_modified_time":"2021-09-23T10:56:14+00:00","og_image":[{"url":"https:\/\/pansion-skalinada.com\/pl\/wp-content\/uploads\/2021\/09\/lokva1.jpg"}],"twitter_card":"summary_large_image","twitter_misc":{"Procijenjeno vrijeme \u010ditanja":"3 minute"},"schema":{"@context":"https:\/\/schema.org","@graph":[{"@type":"WebPage","@id":"https:\/\/pansion-skalinada.com\/pl\/lokva-rogoznica\/","url":"https:\/\/pansion-skalinada.com\/pl\/lokva-rogoznica\/","name":"Lokva Rogoznica - Pansion Skalinada","isPartOf":{"@id":"https:\/\/pansion-skalinada.com\/pl\/#website"},"datePublished":"2021-09-20T16:05:39+00:00","dateModified":"2021-09-23T10:56:14+00:00","description":"Lokva Rogoznica smjestila se na jednom od najzahvalnijih polo\u017eaja u Dalmaciji. Lokva Rogoznica popularnost mo\u017ee zahvaliti brojnim i raznolikim prirodnim atrakcijama koje je okru\u017euju.","breadcrumb":{"@id":"https:\/\/pansion-skalinada.com\/pl\/lokva-rogoznica\/#breadcrumb"},"inLanguage":"hr","potentialAction":[{"@type":"ReadAction","target":["https:\/\/pansion-skalinada.com\/pl\/lokva-rogoznica\/"]}]},{"@type":"BreadcrumbList","@id":"https:\/\/pansion-skalinada.com\/pl\/lokva-rogoznica\/#breadcrumb","itemListElement":[{"@type":"ListItem","position":1,"name":"Po\u010detna stranica","item":"https:\/\/pansion-skalinada.com\/pl\/"},{"@type":"ListItem","position":2,"name":"Lokva Rogoznica"}]},{"@type":"WebSite","@id":"https:\/\/pansion-skalinada.com\/pl\/#website","url":"https:\/\/pansion-skalinada.com\/pl\/","name":"Pansion Skalinada","description":"","potentialAction":[{"@type":"SearchAction","target":{"@type":"EntryPoint","urlTemplate":"https:\/\/pansion-skalinada.com\/pl\/?s={search_term_string}"},"query-input":"required name=search_term_string"}],"inLanguage":"hr"}]}},"_links":{"self":[{"href":"https:\/\/pansion-skalinada.com\/pl\/wp-json\/wp\/v2\/pages\/332","targetHints":{"allow":["GET"]}}],"collection":[{"href":"https:\/\/pansion-skalinada.com\/pl\/wp-json\/wp\/v2\/pages"}],"about":[{"href":"https:\/\/pansion-skalinada.com\/pl\/wp-json\/wp\/v2\/types\/page"}],"author":[{"embeddable":true,"href":"https:\/\/pansion-skalinada.com\/pl\/wp-json\/wp\/v2\/users\/1"}],"replies":[{"embeddable":true,"href":"https:\/\/pansion-skalinada.com\/pl\/wp-json\/wp\/v2\/comments?post=332"}],"version-history":[{"count":20,"href":"https:\/\/pansion-skalinada.com\/pl\/wp-json\/wp\/v2\/pages\/332\/revisions"}],"predecessor-version":[{"id":732,"href":"https:\/\/pansion-skalinada.com\/pl\/wp-json\/wp\/v2\/pages\/332\/revisions\/732"}],"wp:attachment":[{"href":"https:\/\/pansion-skalinada.com\/pl\/wp-json\/wp\/v2\/media?parent=332"}],"curies":[{"name":"wp","href":"https:\/\/api.w.org\/{rel}","templated":true}]}}